{"id":96,"date":"2023-01-11T19:45:16","date_gmt":"2023-01-11T18:45:16","guid":{"rendered":"http:\/\/lnjlxpm.cluster031.hosting.ovh.net\/?page_id=96"},"modified":"2023-01-18T18:22:06","modified_gmt":"2023-01-18T17:22:06","slug":"notre-projet","status":"publish","type":"page","link":"https:\/\/www.dev.madeca.fr\/index.php\/notre-projet\/","title":{"rendered":"Qui sommes-nous ?"},"content":{"rendered":"\n<p><\/p>\n\n\n\n<div class=\"wp-block-cover alignfull\"><span aria-hidden=\"true\" class=\"wp-block-cover__background has-neve-link-color-background-color has-background-dim-100 has-background-dim\"><\/span><div class=\"wp-block-cover__inner-container is-layout-flow wp-block-cover-is-layout-flow\">\n<p class=\"has-text-align-center has-large-font-size\">Le projet Madeca<\/p>\n<\/div><\/div>\n\n\n\n<div style=\"height:100px\" aria-hidden=\"true\" class=\"wp-block-spacer\"><\/div>\n\n\n\n<div class=\"wp-block-columns alignfull is-layout-flex wp-container-core-columns-is-layout-9d6595d7 wp-block-columns-is-layout-flex\">\n<div class=\"wp-block-column is-vertically-aligned-center is-layout-flow wp-block-column-is-layout-flow\" style=\"padding-top:1em;padding-right:1em;padding-bottom:1em;padding-left:1em\"><\/div>\n<\/div>\n\n\n\n<div class=\"wp-block-media-text alignwide is-stacked-on-mobile\"><figure class=\"wp-block-media-text__media\"><img decoding=\"async\" width=\"1024\" height=\"681\" src=\"http:\/\/madeca.fr\/wp-content\/uploads\/2023\/01\/train-gf4e6c8b8c_1920-1-1024x681.jpg\" alt=\"\" class=\"wp-image-190 size-full\" srcset=\"https:\/\/www.dev.madeca.fr\/wp-content\/uploads\/2023\/01\/train-gf4e6c8b8c_1920-1-1024x681.jpg 1024w, https:\/\/www.dev.madeca.fr\/wp-content\/uploads\/2023\/01\/train-gf4e6c8b8c_1920-1-300x199.jpg 300w, https:\/\/www.dev.madeca.fr\/wp-content\/uploads\/2023\/01\/train-gf4e6c8b8c_1920-1-768x510.jpg 768w, https:\/\/www.dev.madeca.fr\/wp-content\/uploads\/2023\/01\/train-gf4e6c8b8c_1920-1-1536x1021.jpg 1536w, https:\/\/www.dev.madeca.fr\/wp-content\/uploads\/2023\/01\/train-gf4e6c8b8c_1920-1.jpg 1920w\" sizes=\"(max-width: 1024px) 100vw, 1024px\" \/><\/figure><div class=\"wp-block-media-text__content\">\n<h2 class=\"wp-block-heading\">Notre projet<\/h2>\n\n\n\n<p>Madeca est une soci\u00e9t\u00e9 de conseil en ing\u00e9nierie qui se donne pour mission de vous accompagner au quotidien dans l\u2019atteinte de vos objectifs professionnels.<\/p>\n\n\n\n<p>Nous avons cr\u00e9\u00e9 Madeca afin de vous mettre au c\u0153ur de notre activit\u00e9, en basant notre performance sur votre bien \u00eatre. Tout au long de votre carri\u00e8re, vous b\u00e9n\u00e9ficierez d\u2019un accompagnement personnalis\u00e9 par un manager, un responsable des ressources humaines ainsi qu\u2019un r\u00e9f\u00e9rent technique. De cette fa\u00e7on, nous construisons ensemble votre carri\u00e8re et vous permettons d\u2019acc\u00e9der \u00e0 de nombreuses perspectives d\u2019\u00e9volution.<\/p>\n<\/div><\/div>\n\n\n\n<div style=\"height:100px\" aria-hidden=\"true\" class=\"wp-block-spacer\"><\/div>\n\n\n\n<div class=\"wp-block-group\"><div class=\"wp-block-group__inner-container is-layout-constrained wp-block-group-is-layout-constrained\">\n<hr class=\"wp-block-separator has-alpha-channel-opacity\"\/>\n<\/div><\/div>\n\n\n\n<div style=\"height:100px\" aria-hidden=\"true\" class=\"wp-block-spacer\"><\/div>\n\n\n\n<div class=\"wp-block-media-text alignwide has-media-on-the-right is-stacked-on-mobile\"><div class=\"wp-block-media-text__content\">\n<h2 class=\"wp-block-heading\">Donnons de l&rsquo;importance \u00e0 vos qualit\u00e9s<\/h2>\n\n\n\n<p>Devenir consultant vous permet d\u2019acqu\u00e9rir de nouvelles comp\u00e9tences, mais aussi de d\u00e9velopper vos soft-skills tels que l\u2019adaptabilit\u00e9, l\u2019organisation, ou le relationnel. Notre travail est de valoriser vos comp\u00e9tences tout en vous permettant de d\u00e9velopper vos qualit\u00e9s humaines.&nbsp;<\/p>\n\n\n\n<p>Le conseil vous permet d\u2019atteindre rapidement des postes en management sans vous heurter \u00e0 un plafond de verre.<\/p>\n<\/div><figure class=\"wp-block-media-text__media\"><img decoding=\"async\" width=\"1024\" height=\"683\" src=\"http:\/\/madeca.fr\/wp-content\/uploads\/2023\/01\/building-gfda79209b_1920-1024x683.jpg\" alt=\"\" class=\"wp-image-167 size-full\" srcset=\"https:\/\/www.dev.madeca.fr\/wp-content\/uploads\/2023\/01\/building-gfda79209b_1920-1024x683.jpg 1024w, https:\/\/www.dev.madeca.fr\/wp-content\/uploads\/2023\/01\/building-gfda79209b_1920-300x200.jpg 300w, https:\/\/www.dev.madeca.fr\/wp-content\/uploads\/2023\/01\/building-gfda79209b_1920-768x512.jpg 768w, https:\/\/www.dev.madeca.fr\/wp-content\/uploads\/2023\/01\/building-gfda79209b_1920-1536x1024.jpg 1536w, https:\/\/www.dev.madeca.fr\/wp-content\/uploads\/2023\/01\/building-gfda79209b_1920-930x620.jpg 930w, https:\/\/www.dev.madeca.fr\/wp-content\/uploads\/2023\/01\/building-gfda79209b_1920.jpg 1920w\" sizes=\"(max-width: 1024px) 100vw, 1024px\" \/><\/figure><\/div>\n\n\n\n<div style=\"height:100px\" aria-hidden=\"true\" class=\"wp-block-spacer\"><\/div>\n\n\n\n<hr class=\"wp-block-separator has-alpha-channel-opacity\"\/>\n\n\n\n<div style=\"height:100px\" aria-hidden=\"true\" class=\"wp-block-spacer\"><\/div>\n\n\n\n<div class=\"wp-block-media-text alignwide is-stacked-on-mobile\"><figure class=\"wp-block-media-text__media\"><img decoding=\"async\" width=\"1024\" height=\"646\" src=\"http:\/\/madeca.fr\/wp-content\/uploads\/2023\/01\/teamwork-gda5930b4a_1920-1024x646.jpg\" alt=\"\" class=\"wp-image-117 size-full\" srcset=\"https:\/\/www.dev.madeca.fr\/wp-content\/uploads\/2023\/01\/teamwork-gda5930b4a_1920-1024x646.jpg 1024w, https:\/\/www.dev.madeca.fr\/wp-content\/uploads\/2023\/01\/teamwork-gda5930b4a_1920-300x189.jpg 300w, https:\/\/www.dev.madeca.fr\/wp-content\/uploads\/2023\/01\/teamwork-gda5930b4a_1920-768x484.jpg 768w, https:\/\/www.dev.madeca.fr\/wp-content\/uploads\/2023\/01\/teamwork-gda5930b4a_1920-1536x969.jpg 1536w, https:\/\/www.dev.madeca.fr\/wp-content\/uploads\/2023\/01\/teamwork-gda5930b4a_1920.jpg 1920w\" sizes=\"(max-width: 1024px) 100vw, 1024px\" \/><\/figure><div class=\"wp-block-media-text__content\">\n<h2 class=\"wp-block-heading\">Vous accompagner<\/h2>\n\n\n\n<p>Le syst\u00e8me d&rsquo;\u00e9volution interne chez Madeca vous permet de gravir les \u00e9chelons gr\u00e2ce \u00e0 vos comp\u00e9tences, votre motivation et la passation de vos connaissances \u00e0 des ing\u00e9nieurs plus juniors. <\/p>\n\n\n\n<p>Rejoindre Madeca c&rsquo;est rejoindre une \u00e9quipe qui met \u00e0 votre disposition toute son \u00e9nergie dans le but de vous \u00e9panouir professionnellement, dans un climat de convivialit\u00e9 et de coh\u00e9sion. <\/p>\n<\/div><\/div>\n\n\n\n<div style=\"height:100px\" aria-hidden=\"true\" class=\"wp-block-spacer\"><\/div>\n\n\n\n<div class=\"wp-block-buttons is-content-justification-center is-layout-flex wp-container-core-buttons-is-layout-16018d1d wp-block-buttons-is-layout-flex\">\n<div class=\"wp-block-button is-style-primary\"><a class=\"wp-block-button__link wp-element-button\" href=\"http:\/\/madeca.fr\/index.php\/candidatures-spontanees\/\">Rejoignez-nous !<\/a><\/div>\n<\/div>\n\n\n\n<div style=\"height:100px\" aria-hidden=\"true\" class=\"wp-block-spacer\"><\/div>\n","protected":false},"excerpt":{"rendered":"<p>Notre projet Madeca est une soci\u00e9t\u00e9 de conseil en ing\u00e9nierie qui se donne pour mission de vous accompagner au quotidien dans l\u2019atteinte de vos objectifs professionnels. Nous avons cr\u00e9\u00e9 Madeca afin de vous mettre au c\u0153ur de notre activit\u00e9, en basant notre performance sur votre bien \u00eatre. Tout au long de votre carri\u00e8re, vous b\u00e9n\u00e9ficierez&hellip;&nbsp;<a href=\"https:\/\/www.dev.madeca.fr\/index.php\/notre-projet\/\" class=\"\" rel=\"bookmark\">Lire la suite &raquo;<span class=\"screen-reader-text\">Qui sommes-nous ?<\/span><\/a><\/p>\n","protected":false},"author":1,"featured_media":0,"parent":0,"menu_order":0,"comment_status":"closed","ping_status":"closed","template":"","meta":{"neve_meta_sidebar":"","neve_meta_container":"","neve_meta_enable_content_width":"","neve_meta_content_width":0,"neve_meta_title_alignment":"","neve_meta_author_avatar":"","neve_post_elements_order":"","neve_meta_disable_header":"","neve_meta_disable_footer":"","neve_meta_disable_title":"on","footnotes":""},"class_list":["post-96","page","type-page","status-publish","hentry"],"yoast_head":"<!-- This site is optimized with the Yoast SEO plugin v19.14 - https:\/\/yoast.com\/wordpress\/plugins\/seo\/ -->\n<title>Qui sommes-nous ? - Madeca<\/title>\n<meta name=\"robots\" content=\"index, follow, max-snippet:-1, max-image-preview:large, max-video-preview:-1\" \/>\n<link rel=\"canonical\" href=\"https:\/\/www.dev.madeca.fr\/index.php\/notre-projet\/\" \/>\n<meta property=\"og:locale\" content=\"fr_FR\" \/>\n<meta property=\"og:type\" content=\"article\" \/>\n<meta property=\"og:title\" content=\"Qui sommes-nous ? - Madeca\" \/>\n<meta property=\"og:description\" content=\"Notre projet Madeca est une soci\u00e9t\u00e9 de conseil en ing\u00e9nierie qui se donne pour mission de vous accompagner au quotidien dans l\u2019atteinte de vos objectifs professionnels. Nous avons cr\u00e9\u00e9 Madeca afin de vous mettre au c\u0153ur de notre activit\u00e9, en basant notre performance sur votre bien \u00eatre. Tout au long de votre carri\u00e8re, vous b\u00e9n\u00e9ficierez&hellip;&nbsp;Lire la suite &raquo;Qui sommes-nous ?\" \/>\n<meta property=\"og:url\" content=\"https:\/\/www.dev.madeca.fr\/index.php\/notre-projet\/\" \/>\n<meta property=\"og:site_name\" content=\"Madeca\" \/>\n<meta property=\"article:modified_time\" content=\"2023-01-18T17:22:06+00:00\" \/>\n<meta property=\"og:image\" content=\"http:\/\/madeca.fr\/wp-content\/uploads\/2023\/01\/train-gf4e6c8b8c_1920-1-1024x681.jpg\" \/>\n<meta name=\"twitter:card\" content=\"summary_large_image\" \/>\n<meta name=\"twitter:label1\" content=\"Dur\u00e9e de lecture estim\u00e9e\" \/>\n\t<meta name=\"twitter:data1\" content=\"1 minute\" \/>\n<script type=\"application\/ld+json\" class=\"yoast-schema-graph\">{\"@context\":\"https:\/\/schema.org\",\"@graph\":[{\"@type\":\"WebPage\",\"@id\":\"https:\/\/www.dev.madeca.fr\/index.php\/notre-projet\/\",\"url\":\"https:\/\/www.dev.madeca.fr\/index.php\/notre-projet\/\",\"name\":\"Qui sommes-nous ? - Madeca\",\"isPartOf\":{\"@id\":\"http:\/\/www.dev.madeca.fr\/#website\"},\"datePublished\":\"2023-01-11T18:45:16+00:00\",\"dateModified\":\"2023-01-18T17:22:06+00:00\",\"breadcrumb\":{\"@id\":\"https:\/\/www.dev.madeca.fr\/index.php\/notre-projet\/#breadcrumb\"},\"inLanguage\":\"fr-FR\",\"potentialAction\":[{\"@type\":\"ReadAction\",\"target\":[\"https:\/\/www.dev.madeca.fr\/index.php\/notre-projet\/\"]}]},{\"@type\":\"BreadcrumbList\",\"@id\":\"https:\/\/www.dev.madeca.fr\/index.php\/notre-projet\/#breadcrumb\",\"itemListElement\":[{\"@type\":\"ListItem\",\"position\":1,\"name\":\"Accueil\",\"item\":\"http:\/\/www.dev.madeca.fr\/\"},{\"@type\":\"ListItem\",\"position\":2,\"name\":\"Qui sommes-nous ?\"}]},{\"@type\":\"WebSite\",\"@id\":\"http:\/\/www.dev.madeca.fr\/#website\",\"url\":\"http:\/\/www.dev.madeca.fr\/\",\"name\":\"Madeca\",\"description\":\"\",\"publisher\":{\"@id\":\"http:\/\/www.dev.madeca.fr\/#organization\"},\"potentialAction\":[{\"@type\":\"SearchAction\",\"target\":{\"@type\":\"EntryPoint\",\"urlTemplate\":\"http:\/\/www.dev.madeca.fr\/?s={search_term_string}\"},\"query-input\":\"required name=search_term_string\"}],\"inLanguage\":\"fr-FR\"},{\"@type\":\"Organization\",\"@id\":\"http:\/\/www.dev.madeca.fr\/#organization\",\"name\":\"Madeca\",\"url\":\"http:\/\/www.dev.madeca.fr\/\",\"logo\":{\"@type\":\"ImageObject\",\"inLanguage\":\"fr-FR\",\"@id\":\"http:\/\/www.dev.madeca.fr\/#\/schema\/logo\/image\/\",\"url\":\"http:\/\/madeca.fr\/wp-content\/uploads\/2023\/01\/madeca_logo_jpg_preview_high_res_a1-1-scaled.jpg\",\"contentUrl\":\"http:\/\/madeca.fr\/wp-content\/uploads\/2023\/01\/madeca_logo_jpg_preview_high_res_a1-1-scaled.jpg\",\"width\":2560,\"height\":1792,\"caption\":\"Madeca\"},\"image\":{\"@id\":\"http:\/\/www.dev.madeca.fr\/#\/schema\/logo\/image\/\"},\"sameAs\":[\"https:\/\/www.linkedin.com\/company\/madeca-conseil\/\"]}]}<\/script>\n<!-- \/ Yoast SEO plugin. -->","yoast_head_json":{"title":"Qui sommes-nous ? - Madeca","robots":{"index":"index","follow":"follow","max-snippet":"max-snippet:-1","max-image-preview":"max-image-preview:large","max-video-preview":"max-video-preview:-1"},"canonical":"https:\/\/www.dev.madeca.fr\/index.php\/notre-projet\/","og_locale":"fr_FR","og_type":"article","og_title":"Qui sommes-nous ? - Madeca","og_description":"Notre projet Madeca est une soci\u00e9t\u00e9 de conseil en ing\u00e9nierie qui se donne pour mission de vous accompagner au quotidien dans l\u2019atteinte de vos objectifs professionnels. Nous avons cr\u00e9\u00e9 Madeca afin de vous mettre au c\u0153ur de notre activit\u00e9, en basant notre performance sur votre bien \u00eatre. Tout au long de votre carri\u00e8re, vous b\u00e9n\u00e9ficierez&hellip;&nbsp;Lire la suite &raquo;Qui sommes-nous ?","og_url":"https:\/\/www.dev.madeca.fr\/index.php\/notre-projet\/","og_site_name":"Madeca","article_modified_time":"2023-01-18T17:22:06+00:00","og_image":[{"url":"http:\/\/madeca.fr\/wp-content\/uploads\/2023\/01\/train-gf4e6c8b8c_1920-1-1024x681.jpg"}],"twitter_card":"summary_large_image","twitter_misc":{"Dur\u00e9e de lecture estim\u00e9e":"1 minute"},"schema":{"@context":"https:\/\/schema.org","@graph":[{"@type":"WebPage","@id":"https:\/\/www.dev.madeca.fr\/index.php\/notre-projet\/","url":"https:\/\/www.dev.madeca.fr\/index.php\/notre-projet\/","name":"Qui sommes-nous ? - Madeca","isPartOf":{"@id":"http:\/\/www.dev.madeca.fr\/#website"},"datePublished":"2023-01-11T18:45:16+00:00","dateModified":"2023-01-18T17:22:06+00:00","breadcrumb":{"@id":"https:\/\/www.dev.madeca.fr\/index.php\/notre-projet\/#breadcrumb"},"inLanguage":"fr-FR","potentialAction":[{"@type":"ReadAction","target":["https:\/\/www.dev.madeca.fr\/index.php\/notre-projet\/"]}]},{"@type":"BreadcrumbList","@id":"https:\/\/www.dev.madeca.fr\/index.php\/notre-projet\/#breadcrumb","itemListElement":[{"@type":"ListItem","position":1,"name":"Accueil","item":"http:\/\/www.dev.madeca.fr\/"},{"@type":"ListItem","position":2,"name":"Qui sommes-nous ?"}]},{"@type":"WebSite","@id":"http:\/\/www.dev.madeca.fr\/#website","url":"http:\/\/www.dev.madeca.fr\/","name":"Madeca","description":"","publisher":{"@id":"http:\/\/www.dev.madeca.fr\/#organization"},"potentialAction":[{"@type":"SearchAction","target":{"@type":"EntryPoint","urlTemplate":"http:\/\/www.dev.madeca.fr\/?s={search_term_string}"},"query-input":"required name=search_term_string"}],"inLanguage":"fr-FR"},{"@type":"Organization","@id":"http:\/\/www.dev.madeca.fr\/#organization","name":"Madeca","url":"http:\/\/www.dev.madeca.fr\/","logo":{"@type":"ImageObject","inLanguage":"fr-FR","@id":"http:\/\/www.dev.madeca.fr\/#\/schema\/logo\/image\/","url":"http:\/\/madeca.fr\/wp-content\/uploads\/2023\/01\/madeca_logo_jpg_preview_high_res_a1-1-scaled.jpg","contentUrl":"http:\/\/madeca.fr\/wp-content\/uploads\/2023\/01\/madeca_logo_jpg_preview_high_res_a1-1-scaled.jpg","width":2560,"height":1792,"caption":"Madeca"},"image":{"@id":"http:\/\/www.dev.madeca.fr\/#\/schema\/logo\/image\/"},"sameAs":["https:\/\/www.linkedin.com\/company\/madeca-conseil\/"]}]}},"_links":{"self":[{"href":"https:\/\/www.dev.madeca.fr\/index.php\/wp-json\/wp\/v2\/pages\/96","targetHints":{"allow":["GET"]}}],"collection":[{"href":"https:\/\/www.dev.madeca.fr\/index.php\/wp-json\/wp\/v2\/pages"}],"about":[{"href":"https:\/\/www.dev.madeca.fr\/index.php\/wp-json\/wp\/v2\/types\/page"}],"author":[{"embeddable":true,"href":"https:\/\/www.dev.madeca.fr\/index.php\/wp-json\/wp\/v2\/users\/1"}],"replies":[{"embeddable":true,"href":"https:\/\/www.dev.madeca.fr\/index.php\/wp-json\/wp\/v2\/comments?post=96"}],"version-history":[{"count":26,"href":"https:\/\/www.dev.madeca.fr\/index.php\/wp-json\/wp\/v2\/pages\/96\/revisions"}],"predecessor-version":[{"id":878,"href":"https:\/\/www.dev.madeca.fr\/index.php\/wp-json\/wp\/v2\/pages\/96\/revisions\/878"}],"wp:attachment":[{"href":"https:\/\/www.dev.madeca.fr\/index.php\/wp-json\/wp\/v2\/media?parent=96"}],"curies":[{"name":"wp","href":"https:\/\/api.w.org\/{rel}","templated":true}]}}