{"id":290,"date":"2023-01-12T15:30:11","date_gmt":"2023-01-12T14:30:11","guid":{"rendered":"http:\/\/madeca.fr\/?page_id=290"},"modified":"2023-01-18T17:15:13","modified_gmt":"2023-01-18T16:15:13","slug":"elementor-290","status":"publish","type":"page","link":"https:\/\/www.dev.madeca.fr\/","title":{"rendered":"Accueil"},"content":{"rendered":"\n<div class=\"wp-block-cover alignfull is-light\" style=\"min-height:700px;aspect-ratio:unset;\"><span aria-hidden=\"true\" class=\"wp-block-cover__background has-background-dim-30 has-background-dim\"><\/span><img decoding=\"async\" width=\"1920\" height=\"1093\" class=\"wp-block-cover__image-background wp-image-614\" alt=\"\" src=\"http:\/\/madeca.fr\/wp-content\/uploads\/2023\/01\/skyscraper-g97cd7baf5_1920.jpg\" data-object-fit=\"cover\" srcset=\"https:\/\/www.dev.madeca.fr\/wp-content\/uploads\/2023\/01\/skyscraper-g97cd7baf5_1920.jpg 1920w, https:\/\/www.dev.madeca.fr\/wp-content\/uploads\/2023\/01\/skyscraper-g97cd7baf5_1920-300x171.jpg 300w, https:\/\/www.dev.madeca.fr\/wp-content\/uploads\/2023\/01\/skyscraper-g97cd7baf5_1920-1024x583.jpg 1024w, https:\/\/www.dev.madeca.fr\/wp-content\/uploads\/2023\/01\/skyscraper-g97cd7baf5_1920-768x437.jpg 768w, https:\/\/www.dev.madeca.fr\/wp-content\/uploads\/2023\/01\/skyscraper-g97cd7baf5_1920-1536x874.jpg 1536w\" sizes=\"(max-width: 1920px) 100vw, 1920px\" \/><div class=\"wp-block-cover__inner-container is-layout-flow wp-block-cover-is-layout-flow\">\n<h6 class=\"alignfull has-text-align-center has-nv-c-1-color has-text-color wp-block-heading\" style=\"font-size:100px;font-style:normal;font-weight:900\">Madeca<\/h6>\n\n\n\n<div class=\"wp-block-group is-vertical is-layout-flex wp-container-core-group-is-layout-8cf370e7 wp-block-group-is-layout-flex\">\n<p class=\"has-text-align-left has-white-color has-text-color\" style=\"font-size:15px\"> <\/p>\n<\/div>\n\n\n\n<div style=\"height:40px\" aria-hidden=\"true\" class=\"wp-block-spacer\"><\/div>\n\n\n\n<p class=\"has-text-align-center has-nv-c-1-color has-text-color\" style=\"font-size:30px\"><em>Unissons nos chemins<\/em><\/p>\n\n\n\n<div class=\"wp-block-group\"><div class=\"wp-block-group__inner-container is-layout-flow wp-block-group-is-layout-flow\">\n<div class=\"wp-block-buttons is-content-justification-center is-layout-flex wp-container-core-buttons-is-layout-51f7783f wp-block-buttons-is-layout-flex\">\n<div class=\"wp-block-button has-custom-width wp-block-button__width-25 is-style-primary\"><a class=\"wp-block-button__link wp-element-button\" href=\"http:\/\/madeca.fr\/index.php\/candidatures-spontanees\/\" style=\"border-radius:100px\">REJOINGNEZ L&rsquo;AVENTURE !<\/a><\/div>\n<\/div>\n<\/div><\/div>\n<\/div><\/div>\n\n\n\n<div style=\"height:100px\" aria-hidden=\"true\" class=\"wp-block-spacer\"><\/div>\n\n\n\n<figure class=\"wp-block-pullquote has-small-font-size\"><blockquote><p>Madeca est une soci\u00e9t\u00e9 de conseil en ing\u00e9nierie bas\u00e9e \u00e0 Paris, sp\u00e9cialis\u00e9e dans l&rsquo;\u00e9nergie, le b\u00e2timent et les infrastructures.&nbsp;<br><br>Passionn\u00e9s par notre m\u00e9tier, notre mission est de vous accompagner au quotidien dans le d\u00e9veloppement de votre carri\u00e8re et dans l\u2019atteinte de vos objectifs professionnels.<br><br>Nos exp\u00e9riences et notre adaptabilit\u00e9 font de nous une entreprise \u00e0 l\u2019\u00e9coute de vos ambitions.<\/p><\/blockquote><\/figure>\n\n\n\n<div style=\"height:100px\" aria-hidden=\"true\" class=\"wp-block-spacer\"><\/div>\n\n\n\n<h2 class=\"has-text-align-center wp-block-heading\">Nos Secteurs <\/h2>\n\n\n\n<p><\/p>\n\n\n\n<figure class=\"wp-block-gallery has-nested-images columns-default is-cropped wp-block-gallery-1 is-layout-flex wp-block-gallery-is-layout-flex\">\n<figure class=\"wp-block-image size-large is-style-rounded photo-zoom photo-drop-shadow photo-morph\"><a href=\"http:\/\/madeca.fr\/index.php\/batiment\/\" rel=\"http:\/\/madeca.fr\/index.php\/batiment\/\"><img decoding=\"async\" width=\"1024\" height=\"683\" data-id=\"331\" src=\"http:\/\/madeca.fr\/wp-content\/uploads\/2023\/01\/construction-site-gf8865907f_1920-1024x683.jpg\" alt=\"B\u00e2timent\" class=\"wp-image-331\" srcset=\"https:\/\/www.dev.madeca.fr\/wp-content\/uploads\/2023\/01\/construction-site-gf8865907f_1920-1024x683.jpg 1024w, https:\/\/www.dev.madeca.fr\/wp-content\/uploads\/2023\/01\/construction-site-gf8865907f_1920-300x200.jpg 300w, https:\/\/www.dev.madeca.fr\/wp-content\/uploads\/2023\/01\/construction-site-gf8865907f_1920-768x512.jpg 768w, https:\/\/www.dev.madeca.fr\/wp-content\/uploads\/2023\/01\/construction-site-gf8865907f_1920-1536x1024.jpg 1536w, https:\/\/www.dev.madeca.fr\/wp-content\/uploads\/2023\/01\/construction-site-gf8865907f_1920-930x620.jpg 930w, https:\/\/www.dev.madeca.fr\/wp-content\/uploads\/2023\/01\/construction-site-gf8865907f_1920.jpg 1920w\" sizes=\"(max-width: 1024px) 100vw, 1024px\" \/><\/a><figcaption class=\"wp-element-caption\"><strong><mark style=\"background-color:rgba(0, 0, 0, 0)\" class=\"has-inline-color has-neve-link-color-color\">B\u00e2timent<\/mark><\/strong><\/figcaption><\/figure>\n\n\n\n<figure class=\"wp-block-image size-large is-style-rounded\"><a href=\"http:\/\/madeca.fr\/index.php\/industrie\/\"><img decoding=\"async\" width=\"1024\" height=\"683\" data-id=\"697\" src=\"http:\/\/madeca.fr\/wp-content\/uploads\/2023\/01\/pinwheels-g73ba65c90_1920-1024x683.jpg\" alt=\"\" class=\"wp-image-697\" srcset=\"https:\/\/www.dev.madeca.fr\/wp-content\/uploads\/2023\/01\/pinwheels-g73ba65c90_1920-1024x683.jpg 1024w, https:\/\/www.dev.madeca.fr\/wp-content\/uploads\/2023\/01\/pinwheels-g73ba65c90_1920-300x200.jpg 300w, https:\/\/www.dev.madeca.fr\/wp-content\/uploads\/2023\/01\/pinwheels-g73ba65c90_1920-768x512.jpg 768w, https:\/\/www.dev.madeca.fr\/wp-content\/uploads\/2023\/01\/pinwheels-g73ba65c90_1920-1536x1024.jpg 1536w, https:\/\/www.dev.madeca.fr\/wp-content\/uploads\/2023\/01\/pinwheels-g73ba65c90_1920-930x620.jpg 930w, https:\/\/www.dev.madeca.fr\/wp-content\/uploads\/2023\/01\/pinwheels-g73ba65c90_1920-272x182.jpg 272w, https:\/\/www.dev.madeca.fr\/wp-content\/uploads\/2023\/01\/pinwheels-g73ba65c90_1920.jpg 1920w\" sizes=\"(max-width: 1024px) 100vw, 1024px\" \/><\/a><figcaption class=\"wp-element-caption\"><strong>Energie<\/strong><\/figcaption><\/figure>\n\n\n\n<figure class=\"wp-block-image size-large is-style-rounded\"><a href=\"http:\/\/madeca.fr\/index.php\/ferroviaire-infrastructures\/\"><img decoding=\"async\" width=\"1024\" height=\"683\" data-id=\"726\" src=\"http:\/\/madeca.fr\/wp-content\/uploads\/2023\/01\/railway-rails-ga9cee6d15_1920-1024x683.jpg\" alt=\"\" class=\"wp-image-726\" srcset=\"https:\/\/www.dev.madeca.fr\/wp-content\/uploads\/2023\/01\/railway-rails-ga9cee6d15_1920-1024x683.jpg 1024w, https:\/\/www.dev.madeca.fr\/wp-content\/uploads\/2023\/01\/railway-rails-ga9cee6d15_1920-300x200.jpg 300w, https:\/\/www.dev.madeca.fr\/wp-content\/uploads\/2023\/01\/railway-rails-ga9cee6d15_1920-768x512.jpg 768w, https:\/\/www.dev.madeca.fr\/wp-content\/uploads\/2023\/01\/railway-rails-ga9cee6d15_1920-1536x1024.jpg 1536w, https:\/\/www.dev.madeca.fr\/wp-content\/uploads\/2023\/01\/railway-rails-ga9cee6d15_1920-930x620.jpg 930w, https:\/\/www.dev.madeca.fr\/wp-content\/uploads\/2023\/01\/railway-rails-ga9cee6d15_1920-272x182.jpg 272w, https:\/\/www.dev.madeca.fr\/wp-content\/uploads\/2023\/01\/railway-rails-ga9cee6d15_1920.jpg 1920w\" sizes=\"(max-width: 1024px) 100vw, 1024px\" \/><\/a><figcaption class=\"wp-element-caption\"><strong>Ferroviaire &amp; Infrastructures<\/strong><\/figcaption><\/figure>\n<\/figure>\n\n\n\n<div style=\"height:100px\" aria-hidden=\"true\" class=\"wp-block-spacer\"><\/div>\n","protected":false},"excerpt":{"rendered":"<p>Madeca est une soci\u00e9t\u00e9 de conseil en ing\u00e9nierie bas\u00e9e \u00e0 Paris, sp\u00e9cialis\u00e9e dans l&rsquo;\u00e9nergie, le b\u00e2timent et les infrastructures.&nbsp; Passionn\u00e9s par notre m\u00e9tier, notre mission est de vous accompagner au quotidien dans le d\u00e9veloppement de votre carri\u00e8re et dans l\u2019atteinte de vos objectifs professionnels. Nos exp\u00e9riences et notre adaptabilit\u00e9 font de nous une entreprise \u00e0&hellip;&nbsp;<a href=\"https:\/\/www.dev.madeca.fr\/\" class=\"\" rel=\"bookmark\">Lire la suite &raquo;<span class=\"screen-reader-text\">Accueil<\/span><\/a><\/p>\n","protected":false},"author":1,"featured_media":0,"parent":0,"menu_order":0,"comment_status":"closed","ping_status":"closed","template":"","meta":{"neve_meta_sidebar":"default","neve_meta_container":"","neve_meta_enable_content_width":"","neve_meta_content_width":0,"neve_meta_title_alignment":"","neve_meta_author_avatar":"","neve_post_elements_order":"","neve_meta_disable_header":"","neve_meta_disable_footer":"","neve_meta_disable_title":"on","footnotes":""},"class_list":["post-290","page","type-page","status-publish","hentry"],"yoast_head":"<!-- This site is optimized with the Yoast SEO plugin v19.14 - https:\/\/yoast.com\/wordpress\/plugins\/seo\/ -->\n<title>Accueil - Madeca<\/title>\n<meta name=\"robots\" content=\"index, follow, max-snippet:-1, max-image-preview:large, max-video-preview:-1\" \/>\n<link rel=\"canonical\" href=\"http:\/\/www.dev.madeca.fr\/\" \/>\n<meta property=\"og:locale\" content=\"fr_FR\" \/>\n<meta property=\"og:type\" content=\"article\" \/>\n<meta property=\"og:title\" content=\"Accueil - Madeca\" \/>\n<meta property=\"og:description\" content=\"Madeca est une soci\u00e9t\u00e9 de conseil en ing\u00e9nierie bas\u00e9e \u00e0 Paris, sp\u00e9cialis\u00e9e dans l&rsquo;\u00e9nergie, le b\u00e2timent et les infrastructures.&nbsp; Passionn\u00e9s par notre m\u00e9tier, notre mission est de vous accompagner au quotidien dans le d\u00e9veloppement de votre carri\u00e8re et dans l\u2019atteinte de vos objectifs professionnels. Nos exp\u00e9riences et notre adaptabilit\u00e9 font de nous une entreprise \u00e0&hellip;&nbsp;Lire la suite &raquo;Accueil\" \/>\n<meta property=\"og:url\" content=\"http:\/\/www.dev.madeca.fr\/\" \/>\n<meta property=\"og:site_name\" content=\"Madeca\" \/>\n<meta property=\"article:modified_time\" content=\"2023-01-18T16:15:13+00:00\" \/>\n<meta property=\"og:image\" content=\"http:\/\/madeca.fr\/wp-content\/uploads\/2023\/01\/skyscraper-g97cd7baf5_1920.jpg\" \/>\n<meta name=\"twitter:card\" content=\"summary_large_image\" \/>\n<script type=\"application\/ld+json\" class=\"yoast-schema-graph\">{\"@context\":\"https:\/\/schema.org\",\"@graph\":[{\"@type\":\"WebPage\",\"@id\":\"http:\/\/www.dev.madeca.fr\/\",\"url\":\"http:\/\/www.dev.madeca.fr\/\",\"name\":\"Accueil - Madeca\",\"isPartOf\":{\"@id\":\"http:\/\/www.dev.madeca.fr\/#website\"},\"datePublished\":\"2023-01-12T14:30:11+00:00\",\"dateModified\":\"2023-01-18T16:15:13+00:00\",\"breadcrumb\":{\"@id\":\"http:\/\/www.dev.madeca.fr\/#breadcrumb\"},\"inLanguage\":\"fr-FR\",\"potentialAction\":[{\"@type\":\"ReadAction\",\"target\":[\"http:\/\/www.dev.madeca.fr\/\"]}]},{\"@type\":\"BreadcrumbList\",\"@id\":\"http:\/\/www.dev.madeca.fr\/#breadcrumb\",\"itemListElement\":[{\"@type\":\"ListItem\",\"position\":1,\"name\":\"Accueil\",\"item\":\"http:\/\/www.dev.madeca.fr\/\"},{\"@type\":\"ListItem\",\"position\":2,\"name\":\"Accueil\"}]},{\"@type\":\"WebSite\",\"@id\":\"http:\/\/www.dev.madeca.fr\/#website\",\"url\":\"http:\/\/www.dev.madeca.fr\/\",\"name\":\"Madeca\",\"description\":\"\",\"publisher\":{\"@id\":\"http:\/\/www.dev.madeca.fr\/#organization\"},\"potentialAction\":[{\"@type\":\"SearchAction\",\"target\":{\"@type\":\"EntryPoint\",\"urlTemplate\":\"http:\/\/www.dev.madeca.fr\/?s={search_term_string}\"},\"query-input\":\"required name=search_term_string\"}],\"inLanguage\":\"fr-FR\"},{\"@type\":\"Organization\",\"@id\":\"http:\/\/www.dev.madeca.fr\/#organization\",\"name\":\"Madeca\",\"url\":\"http:\/\/www.dev.madeca.fr\/\",\"logo\":{\"@type\":\"ImageObject\",\"inLanguage\":\"fr-FR\",\"@id\":\"http:\/\/www.dev.madeca.fr\/#\/schema\/logo\/image\/\",\"url\":\"http:\/\/madeca.fr\/wp-content\/uploads\/2023\/01\/madeca_logo_jpg_preview_high_res_a1-1-scaled.jpg\",\"contentUrl\":\"http:\/\/madeca.fr\/wp-content\/uploads\/2023\/01\/madeca_logo_jpg_preview_high_res_a1-1-scaled.jpg\",\"width\":2560,\"height\":1792,\"caption\":\"Madeca\"},\"image\":{\"@id\":\"http:\/\/www.dev.madeca.fr\/#\/schema\/logo\/image\/\"},\"sameAs\":[\"https:\/\/www.linkedin.com\/company\/madeca-conseil\/\"]}]}<\/script>\n<!-- \/ Yoast SEO plugin. -->","yoast_head_json":{"title":"Accueil - Madeca","robots":{"index":"index","follow":"follow","max-snippet":"max-snippet:-1","max-image-preview":"max-image-preview:large","max-video-preview":"max-video-preview:-1"},"canonical":"http:\/\/www.dev.madeca.fr\/","og_locale":"fr_FR","og_type":"article","og_title":"Accueil - Madeca","og_description":"Madeca est une soci\u00e9t\u00e9 de conseil en ing\u00e9nierie bas\u00e9e \u00e0 Paris, sp\u00e9cialis\u00e9e dans l&rsquo;\u00e9nergie, le b\u00e2timent et les infrastructures.&nbsp; Passionn\u00e9s par notre m\u00e9tier, notre mission est de vous accompagner au quotidien dans le d\u00e9veloppement de votre carri\u00e8re et dans l\u2019atteinte de vos objectifs professionnels. Nos exp\u00e9riences et notre adaptabilit\u00e9 font de nous une entreprise \u00e0&hellip;&nbsp;Lire la suite &raquo;Accueil","og_url":"http:\/\/www.dev.madeca.fr\/","og_site_name":"Madeca","article_modified_time":"2023-01-18T16:15:13+00:00","og_image":[{"url":"http:\/\/madeca.fr\/wp-content\/uploads\/2023\/01\/skyscraper-g97cd7baf5_1920.jpg"}],"twitter_card":"summary_large_image","schema":{"@context":"https:\/\/schema.org","@graph":[{"@type":"WebPage","@id":"http:\/\/www.dev.madeca.fr\/","url":"http:\/\/www.dev.madeca.fr\/","name":"Accueil - Madeca","isPartOf":{"@id":"http:\/\/www.dev.madeca.fr\/#website"},"datePublished":"2023-01-12T14:30:11+00:00","dateModified":"2023-01-18T16:15:13+00:00","breadcrumb":{"@id":"http:\/\/www.dev.madeca.fr\/#breadcrumb"},"inLanguage":"fr-FR","potentialAction":[{"@type":"ReadAction","target":["http:\/\/www.dev.madeca.fr\/"]}]},{"@type":"BreadcrumbList","@id":"http:\/\/www.dev.madeca.fr\/#breadcrumb","itemListElement":[{"@type":"ListItem","position":1,"name":"Accueil","item":"http:\/\/www.dev.madeca.fr\/"},{"@type":"ListItem","position":2,"name":"Accueil"}]},{"@type":"WebSite","@id":"http:\/\/www.dev.madeca.fr\/#website","url":"http:\/\/www.dev.madeca.fr\/","name":"Madeca","description":"","publisher":{"@id":"http:\/\/www.dev.madeca.fr\/#organization"},"potentialAction":[{"@type":"SearchAction","target":{"@type":"EntryPoint","urlTemplate":"http:\/\/www.dev.madeca.fr\/?s={search_term_string}"},"query-input":"required name=search_term_string"}],"inLanguage":"fr-FR"},{"@type":"Organization","@id":"http:\/\/www.dev.madeca.fr\/#organization","name":"Madeca","url":"http:\/\/www.dev.madeca.fr\/","logo":{"@type":"ImageObject","inLanguage":"fr-FR","@id":"http:\/\/www.dev.madeca.fr\/#\/schema\/logo\/image\/","url":"http:\/\/madeca.fr\/wp-content\/uploads\/2023\/01\/madeca_logo_jpg_preview_high_res_a1-1-scaled.jpg","contentUrl":"http:\/\/madeca.fr\/wp-content\/uploads\/2023\/01\/madeca_logo_jpg_preview_high_res_a1-1-scaled.jpg","width":2560,"height":1792,"caption":"Madeca"},"image":{"@id":"http:\/\/www.dev.madeca.fr\/#\/schema\/logo\/image\/"},"sameAs":["https:\/\/www.linkedin.com\/company\/madeca-conseil\/"]}]}},"_links":{"self":[{"href":"https:\/\/www.dev.madeca.fr\/index.php\/wp-json\/wp\/v2\/pages\/290","targetHints":{"allow":["GET"]}}],"collection":[{"href":"https:\/\/www.dev.madeca.fr\/index.php\/wp-json\/wp\/v2\/pages"}],"about":[{"href":"https:\/\/www.dev.madeca.fr\/index.php\/wp-json\/wp\/v2\/types\/page"}],"author":[{"embeddable":true,"href":"https:\/\/www.dev.madeca.fr\/index.php\/wp-json\/wp\/v2\/users\/1"}],"replies":[{"embeddable":true,"href":"https:\/\/www.dev.madeca.fr\/index.php\/wp-json\/wp\/v2\/comments?post=290"}],"version-history":[{"count":49,"href":"https:\/\/www.dev.madeca.fr\/index.php\/wp-json\/wp\/v2\/pages\/290\/revisions"}],"predecessor-version":[{"id":837,"href":"https:\/\/www.dev.madeca.fr\/index.php\/wp-json\/wp\/v2\/pages\/290\/revisions\/837"}],"wp:attachment":[{"href":"https:\/\/www.dev.madeca.fr\/index.php\/wp-json\/wp\/v2\/media?parent=290"}],"curies":[{"name":"wp","href":"https:\/\/api.w.org\/{rel}","templated":true}]}}